{"id":1299,"date":"2023-07-06T23:04:17","date_gmt":"2023-07-07T02:04:17","guid":{"rendered":"https:\/\/observatorioelectoral.uncoma.edu.ar\/?page_id=1299"},"modified":"2024-07-03T10:35:26","modified_gmt":"2024-07-03T13:35:26","slug":"impacto-en-medios","status":"publish","type":"page","link":"https:\/\/observatorioelectoral.uncoma.edu.ar\/?page_id=1299","title":{"rendered":"Impacto en medios"},"content":{"rendered":"\n<p>Diario R\u00edo Negro: &#8220;Debuta la boleta \u00fanica de papel en las elecciones de la Universidad Nacional del Comahue: c\u00f3mo funciona&#8221; &#8211; 2 de junio de 2024 <a href=\"https:\/\/www.rionegro.com.ar\/politica\/debuta-la-boleta-unica-de-papel-en-las-elecciones-de-la-universidad-nacional-del-comahue-como-funciona-3615667\">Ver noticia<\/a><\/p>\n\n\n\n<hr class=\"wp-block-separator has-alpha-channel-opacity\"\/>\n\n\n\n<p>Radio Antena Libre: &#8220;UNCo estrena Boleta \u00danica de Papel en elecciones de junio&#8221; &#8211; 31 de mayo de 2024 <a href=\"https:\/\/www.antena-libre.com.ar\/2024\/05\/31\/unco-estrena-boleta-unica-de-papel-en-elecciones-de-junio\/\">Ver &#8211; Escuchar noticia<\/a><\/p>\n\n\n\n<hr class=\"wp-block-separator has-alpha-channel-opacity\"\/>\n\n\n\n<p>barilochense.com: &#8220;La UNCo convoca a participar del Observatorio Electoral de cara al balotaje&#8221; &#8211; 10 de noviembre de 2023 <a href=\"https:\/\/www.barilochense.com\/educacion\/comahue\/la-unco-convoca-a-participar-del-observatorio-electoral-de-cara-al-balotaje-2023-11-10-22-13\">Ver noticia<\/a><\/p>\n\n\n\n<hr class=\"wp-block-separator has-alpha-channel-opacity\"\/>\n\n\n\n<p>ANBariloche: &#8220;La Universidad del Comahue busca observadores para el balotaje&#8221; &#8211; 9 de noviembre de 2023 <a href=\"https:\/\/www.anbariloche.com.ar\/noticias\/2023\/11\/09\/91792-la-universidad-del-comahue-busca-observadores-para-el-balotaje\">Ver noticia<\/a> <\/p>\n\n\n\n<hr class=\"wp-block-separator has-alpha-channel-opacity\"\/>\n\n\n\n<p>MINUTO NQN: &#8220;La UNCo convoca a mayores de 18 a\u00f1os a participar del Observatorio Electoral de cara al balotaje&#8221; &#8211; 8 de noviembre de 2023 <a href=\"https:\/\/www.minutoneuquen.com\/neuquen\/2023\/11\/8\/la-unco-convoca-mayores-de-18-anos-participar-del-observatorio-electoral-de-cara-al-balotaje-340113.html\">Ver noticia<\/a> <\/p>\n\n\n\n<hr class=\"wp-block-separator has-alpha-channel-opacity\"\/>\n\n\n\n<p>Radio LU5: &#8220;Ballotage: convocan a formar parte del Observatorio Electoral de la UNCo&#8221; &#8211; 7 de noviembre de 2023 <a href=\"https:\/\/lu5am.com\/ballotage-convocan-a-formar-parte-del-observatorio-electoral-de-la-unco\/\">Ver\/Escuchar noticia<\/a> <\/p>\n\n\n\n<hr class=\"wp-block-separator has-alpha-channel-opacity\"\/>\n\n\n\n<p>Radio Nacional Zapala: &#8220;La UNCo convoca a participar como observador y observadora electoral&#8221; &#8211; 7 de noviembre de 2023 <a href=\"https:\/\/www.radionacional.com.ar\/la-unco-convoca-a-participar-como-observador-y-observadora-electoral\/\">Ver\/Escuchar noticia<\/a><\/p>\n\n\n\n<hr class=\"wp-block-separator has-alpha-channel-opacity\"\/>\n\n\n\n<p>Canal 7 Noticias: &#8220;Ballotage: convocan a formar parte del Observatorio Electoral de la UNCo&#8221; &#8211; 6 de noviembre de 2023 <a href=\"https:\/\/www.youtube.com\/watch?v=skBsZzVxtJM&amp;list=PLDpOH8D0CXVTlPoxhAq1SYtrtgwrVwhrl&amp;index=8\">Ver noticia<\/a> <\/p>\n\n\n\n<hr class=\"wp-block-separator has-alpha-channel-opacity\"\/>\n\n\n\n<p>Diario R\u00edo Negro: &#8220;Diputados proponen abandonar la boleta electr\u00f3nica y volver al voto de papel en Neuqu\u00e9n&#8221; &#8211; 1 de noviembre de 2023 <a href=\"https:\/\/www.rionegro.com.ar\/politica\/diputados-proponen-abandonar-la-boleta-electronica-y-volver-al-voto-de-papel-en-neuquen-3232735\/\">Ver noticia<\/a><\/p>\n\n\n\n<hr class=\"wp-block-separator has-alpha-channel-opacity\"\/>\n\n\n\n<p>Diario El Cordillerano: &#8220;En Bariloche y la regi\u00f3n muy pocas personas no cumplieron con su deber de ser autoridad de mesa&#8221; &#8211; 22 de octubre de 2023 <a href=\"https:\/\/www.elcordillerano.com.ar\/noticias\/2023\/10\/22\/173493-en-bariloche-y-la-region-muy-pocas-personas-no-cumplieron-con-su-deber-de-ser-autoridad-de-mesa\">Ver noticia<\/a><\/p>\n\n\n\n<hr class=\"wp-block-separator has-alpha-channel-opacity\"\/>\n\n\n\n<p>Radio UNCo-Calf &#8211; Yo no fui&#8230;: &#8220;Boleta \u00danica de Papel en la UNCo&#8221; &#8211; 11 de octubre de 2023 <a href=\"https:\/\/radiocut.fm\/audiocut\/boleta-unica-papel-en-unco\/\">Ver noticia &#8211; escuchar audio<\/a><\/p>\n\n\n\n<hr class=\"wp-block-separator has-alpha-channel-opacity\"\/>\n\n\n\n<p>Radio UNCo-Calf &#8211; ControlZ: &#8220;Como es la tarea de observaci\u00f3n electoral?&#8221; &#8211; 11 de octubre de 2023 <a href=\"https:\/\/radiocut.fm\/audiocut\/como-es-tarea-observacion-electoral-controlz\/\">Ver noticia &#8211; escuchar audio<\/a><\/p>\n\n\n\n<hr class=\"wp-block-separator has-alpha-channel-opacity\"\/>\n\n\n\n<p>Radio Nacional Bariloche: &#8220;Convocan a participar del observatorio electoral el pr\u00f3ximo 22 de octubre&#8221; &#8211; 10 de octubre de 2023 <a href=\"https:\/\/www.radionacional.com.ar\/convocan-a-participar-del-observatorio-electoral-el-proximo-22-de-octubre\/\">Ver noticia &#8211; escuchar audio<\/a><\/p>\n\n\n\n<hr class=\"wp-block-separator has-alpha-channel-opacity\"\/>\n\n\n\n<p>Radio Antena Libre: &#8220;Invitan ser observador\/a electoral en R\u00edo Negro y Neuqu\u00e9n&#8221; &#8211; 9 de octubre de 2023 <a href=\"https:\/\/www.antena-libre.com.ar\/2023\/10\/09\/invitan-ser-observador-a-electoral-en-rio-negro-y-neuquen\/\">Ver noticia &#8211; escuchar audio<\/a><\/p>\n\n\n\n<hr class=\"wp-block-separator has-alpha-channel-opacity\"\/>\n\n\n\n<p>Columna Roxana Arazi Radio Bariloche: &#8220;Convocatoria Observatorio y su importancia&#8221; &#8211; 29 de agosto del 2023<\/p>\n\n\n\n<figure class=\"wp-block-audio\"><audio controls src=\"\/informes\/COLUMNA ROXANA ARAZI 25 08 2023.mp3\"><\/audio><\/figure>\n\n\n\n<hr class=\"wp-block-separator has-alpha-channel-opacity\"\/>\n\n\n\n<p>Canal elseisTV : &#8220;Elecciones en Bariloche: convocan para realizar tareas de observaci\u00f3n electoral&#8221; &#8211; 29 de agosto del 2023 <a href=\"https:\/\/www.youtube.com\/watch?v=iBQa3_i6kCs\">Ver v\u00eddeo<\/a><\/p>\n\n\n\n<hr class=\"wp-block-separator has-alpha-channel-opacity\"\/>\n\n\n\n<p>Cutral Co Al Instante: &#8220;Elecciones 2023: est\u00e1n listas las pantallas para votar en Cutral Co y Huincul&#8221;  &#8211; 5 de julio del 2023.  <a href=\"https:\/\/www.cutralcoalinstante.com\/2023\/07\/05\/elecciones-2023-estan-listas-las-pantallas-para-votar-en-cutral-co-y-huincul\/\">Ver noticia<\/a><\/p>\n\n\n\n<hr class=\"wp-block-separator has-alpha-channel-opacity\"\/>\n\n\n\n<p>CN24\/7&nbsp;y Radio AM550 La Primera: &#8220;Problemas en la votaci\u00f3n con Boleta Electr\u00f3nica: Observatorio Electoral de la UNCo detecta inconvenientes&#8221;  &#8211; 1 de agosto del 2023.  <a href=\"https:\/\/www.am550laprimera.com\/noticias\/2023\/08\/01\/2563-problemas-en-la-votacion-con-boleta-electronica-observatorio-electoral-de-la-unco-detecta-inconvenientes\">Ver noticia &#8211; Escuchar audio<\/a><\/p>\n\n\n\n<hr class=\"wp-block-separator has-alpha-channel-opacity\"\/>\n\n\n\n<p>Radio FM la Tribu: &#8220;Voto electr\u00f3nico en Buenos Aires&#8221;  &#8211; 20 de julio del 2023.  <a href=\"https:\/\/cpr.lat\/voto-electronico-en-buenos-aires\/\">Ver noticia &#8211; Escuchar audio<\/a><\/p>\n\n\n\n<hr class=\"wp-block-separator has-alpha-channel-opacity\"\/>\n\n\n\n<p>Radio Universidad CALF: &#8220;Observatorio Electoral y ESRN 23 Taller de votaci\u00f3n&#8221;.  &#8211; 14 de junio del 2023. <a href=\"https:\/\/ar.radiocut.fm\/audiocut\/observatorio-electoral-y-esrn-23-taller-votacion\/\">Escuchar recorte de audio<\/a> <\/p>\n\n\n\n<hr class=\"wp-block-separator has-alpha-channel-opacity\"\/>\n\n\n\n<p>Diario P\u00e1gina 12: &#8220;Voto electr\u00f3nico: Las sospechas sobre la empresa que se encargar\u00e1 de las elecciones porte\u00f1as&#8221; &#8211; 28 de mayo del 2023. <a href=\"https:\/\/www.pagina12.com.ar\/553308-voto-electronico-las-sospechas-sobre-la-empresa-que-se-encar\">Ver noticia<\/a> <\/p>\n\n\n\n<hr class=\"wp-block-separator has-alpha-channel-opacity\"\/>\n\n\n\n<p>Va con Firma (VCF): &#8220;Un sistema poco transparente y con una &#8220;vulneraci\u00f3n sutil&#8221;&#8221;  &#8211; 21 de mayo del 2023. <a href=\"https:\/\/vaconfirma.com.ar\/?articulos\/id_15155\/un-sistema-poco-transparente-y-con-una-and-quotvulneracin-sutil-and-quot\">Ver noticia<\/a><\/p>\n\n\n\n<hr class=\"wp-block-separator has-alpha-channel-opacity\"\/>\n\n\n\n<p>Diario R\u00edo Negro: &#8220;Voto electr\u00f3nico en Neuqu\u00e9n: el observatorio de la UNC detect\u00f3 fallas en el sistema de control&#8221; &#8211; 12 de mayo del 2023. <a href=\"https:\/\/www.rionegro.com.ar\/politica\/voto-electronico-en-neuquen-el-observatorio-de-la-unc-detecto-fallas-en-el-sistema-de-control-2903947\/\">Ver noticia<\/a><\/p>\n\n\n\n<hr class=\"wp-block-separator has-alpha-channel-opacity\"\/>\n\n\n\n<p>El Destape: &#8220;Voto Electr\u00f3nico en Neuqu\u00e9n: m\u00faltiples fallas en el sistema que se quiere aplicar en CABA&#8221;- 6 de mayo del 2023. <a href=\"https:\/\/www.eldestapeweb.com\/politica\/elecciones-2023\/voto-electronico-multiples-fallas-en-neuquen-del-sistema-que-quiere-caba-2023560536\">Ver noticia<\/a><\/p>\n\n\n\n<hr class=\"wp-block-separator has-alpha-channel-opacity\"\/>\n\n\n\n<p>El Destape: &#8220;Voto electr\u00f3nico, fallas de Vaca Muerta a CABA | El editorial de Ari Lijalad&#8221;  &#8211; 5 de mayo del 2023. <a href=\"https:\/\/www.youtube.com\/watch?v=GFrV4ByoU5s\">Ver video<\/a><\/p>\n\n\n\n<hr class=\"wp-block-separator has-alpha-channel-opacity\"\/>\n\n\n\n<p>Radio Nacional Neuqu\u00e9n: &#8220;La Boleta \u00danica Electr\u00f3nica dej\u00f3 m\u00e1s dudas que certezas&#8221; &#8211; 24 de abril del 2023. <a href=\"https:\/\/www.radionacional.com.ar\/la-boleta-unica-electronica-dejo-mas-dudas-que-certezas\/\">Ver noticia<\/a><\/p>\n\n\n\n<hr class=\"wp-block-separator has-alpha-channel-opacity\"\/>\n\n\n\n<p>Cuarto Salta a Diario: &#8220;El sistema se usar\u00e1 en las elecciones salte\u00f1as | Cuestionan el voto electr\u00f3nico en Neuqu\u00e9n&#8221; &#8211; 19 de abril del 2023. <a href=\"http:\/\/www.cuarto.com.ar\/el-sistema-se-usara-en-las-elecciones-saltenas-cuestionan-el-voto-electronico-en-neuquen\/\">Ver noticia<\/a><\/p>\n\n\n\n<hr class=\"wp-block-separator has-alpha-channel-opacity\"\/>\n\n\n\n<p>Info Bariloche: &#8220;Observatorio electoral: Informe preliminar de las Elecciones en R\u00edo Negro y Neuqu\u00e9n 2023&#8221; &#8211; <a href=\"https:\/\/www.infobariloche.com.ar\/sociedad\/21-region\/10543-observatorio-electoral-informe-preliminar-de-las-elecciones-en-rio-negro-y-neuquen-2023.html\">Ver nota<\/a> &#8211; 18 de abril del 2023.<\/p>\n\n\n\n<hr class=\"wp-block-separator has-alpha-channel-opacity\"\/>\n\n\n\n<p>Radio La Red Nequ\u00e9n 93.7 &#8211; Tu Noticia &#8211; : &#8220;Sugieren una combinaci\u00f3n de sistemas para las elecciones en Neuqu\u00e9n y R\u00edo Negro&#8221; &#8211; 18 de abril del 2023. <a href=\"https:\/\/www.tunoticia.com.ar\/sugieren-una-combinacion-de-sistemas-para-las-elecciones-en-neuquen-y-rio-negro\/\">Ver nota y escuchar audio<\/a><\/p>\n\n\n\n<hr class=\"wp-block-separator has-alpha-channel-opacity\"\/>\n\n\n\n<p>Canal 7 de Neuqu\u00e9n: &#8220;Evaluaci\u00f3n de la Boleta \u00danica Electr\u00f3nica&#8221; &#8211; 17 de abril del 2023. <a href=\"https:\/\/www.youtube.com\/watch?v=VDwqppWOMss\">Ver video<\/a> <\/p>\n\n\n\n<hr class=\"wp-block-separator has-alpha-channel-opacity\"\/>\n\n\n\n<p>Canal 10 de Roca: &#8220;Las personas tardaron mas en votar con el sistema BUE&#8221; &#8211; 17 de abril del 2023. <a href=\"https:\/\/www.youtube.com\/live\/lYltJl6zUMU?t=33m20s\">Ver Nota<\/a><\/p>\n\n\n\n<hr class=\"wp-block-separator has-alpha-channel-opacity\"\/>\n\n\n\n<p>Diario R\u00edo Negro: &#8220;Elecciones 2023 en Neuqu\u00e9n: se tard\u00f3 m\u00e1s en votar con la boleta electr\u00f3nica que con la de papel&#8221; &#8211; 17 de abril del 2023. <a href=\"https:\/\/www.rionegro.com.ar\/politica\/voto-electronico-en-neuquen-el-observatorio-de-la-unc-detecto-fallas-en-el-sistema-de-control-2903947\/\"><\/a><a href=\"https:\/\/www.rionegro.com.ar\/sociedad\/elecciones-2023-se-tardo-mas-en-votar-con-la-boleta-unica-electronica-que-con-la-de-papel-2856485\/\">Ver Nota <\/a><\/p>\n\n\n\n<hr class=\"wp-block-separator has-alpha-channel-opacity\"\/>\n\n\n\n<p>Diario LMNeuquen: &#8220;Convocan a mayores de 16 a\u00f1os a ser observadores de las elecciones&#8221; &#8211; 4 de abril del 2023. <a href=\"https:\/\/www.lmneuquen.com\/convocan-mayores-16-anos-ser-observadores-las-elecciones-n1008819\">V<\/a><a href=\"https:\/\/www.rionegro.com.ar\/politica\/voto-electronico-en-neuquen-el-observatorio-de-la-unc-detecto-fallas-en-el-sistema-de-control-2903947\/\"><\/a><a href=\"https:\/\/www.lmneuquen.com\/convocan-mayores-16-anos-ser-observadores-las-elecciones-n1008819\">er nota<\/a><\/p>\n\n\n\n<hr class=\"wp-block-separator has-alpha-channel-opacity\"\/>\n\n\n\n<p>Diario R\u00edo Negro: &#8220;Elecciones 2023: c\u00f3mo sumarte a observar en las escuelas, a trav\u00e9s de la Universidad del Comahue&#8221; &#8211; 4 de abril del 2023. <a href=\"https:\/\/www.rionegro.com.ar\/politica\/voto-electronico-en-neuquen-el-observatorio-de-la-unc-detecto-fallas-en-el-sistema-de-control-2903947\/\"><\/a><a href=\"https:\/\/www.rionegro.com.ar\/politica\/sociedad\/elecciones-2023-como-sumarte-a-observar-en-las-escuelas-a-traves-de-la-universidad-del-comahue-2832659\/\">Ver Nota <\/a><\/p>\n\n\n\n<hr class=\"wp-block-separator has-alpha-channel-opacity\"\/>\n\n\n\n<p>Diario El Cordillerano: &#8220;Con aportes del Observatorio Electoral se mejor\u00f3 la instancia de votaci\u00f3n local&#8221; &#8211; 27 de agosto de 2019. <a href=\"https:\/\/www.elcordillerano.com.ar\/noticias\/2019\/08\/27\/82154-con-aportes-del-observatorio-electoral-se-mejoro-la-instancia-de-votacion-local\">Ver Nota<\/a><\/p>\n\n\n\n<hr class=\"wp-block-separator has-alpha-channel-opacity\"\/>\n\n\n\n<p><\/p>\n\n\n\n<p><\/p>\n","protected":false},"excerpt":{"rendered":"<p>Diario R\u00edo Negro: &#8220;Debuta la boleta \u00fanica de papel en las elecciones de la Universidad Nacional del Comahue: c\u00f3mo funciona&#8221; &#8211; 2 de junio de 2024 Ver noticia Radio Antena Libre: &#8220;UNCo estrena Boleta \u00danica de Papel en elecciones de junio&#8221; &#8211; 31 de mayo de 2024 Ver &#8211; Escuchar noticia barilochense.com: &#8220;La UNCo convoca [&hellip;]<\/p>\n","protected":false},"author":2,"featured_media":0,"parent":0,"menu_order":0,"comment_status":"closed","ping_status":"closed","template":"","meta":{"footnotes":""},"class_list":["post-1299","page","type-page","status-publish","hentry"],"_links":{"self":[{"href":"https:\/\/observatorioelectoral.uncoma.edu.ar\/index.php?rest_route=\/wp\/v2\/pages\/1299","targetHints":{"allow":["GET"]}}],"collection":[{"href":"https:\/\/observatorioelectoral.uncoma.edu.ar\/index.php?rest_route=\/wp\/v2\/pages"}],"about":[{"href":"https:\/\/observatorioelectoral.uncoma.edu.ar\/index.php?rest_route=\/wp\/v2\/types\/page"}],"author":[{"embeddable":true,"href":"https:\/\/observatorioelectoral.uncoma.edu.ar\/index.php?rest_route=\/wp\/v2\/users\/2"}],"replies":[{"embeddable":true,"href":"https:\/\/observatorioelectoral.uncoma.edu.ar\/index.php?rest_route=%2Fwp%2Fv2%2Fcomments&post=1299"}],"version-history":[{"count":44,"href":"https:\/\/observatorioelectoral.uncoma.edu.ar\/index.php?rest_route=\/wp\/v2\/pages\/1299\/revisions"}],"predecessor-version":[{"id":1715,"href":"https:\/\/observatorioelectoral.uncoma.edu.ar\/index.php?rest_route=\/wp\/v2\/pages\/1299\/revisions\/1715"}],"wp:attachment":[{"href":"https:\/\/observatorioelectoral.uncoma.edu.ar\/index.php?rest_route=%2Fwp%2Fv2%2Fmedia&parent=1299"}],"curies":[{"name":"wp","href":"https:\/\/api.w.org\/{rel}","templated":true}]}}